{"id":1769,"date":"2014-10-10T11:03:17","date_gmt":"2014-10-10T11:03:17","guid":{"rendered":"http:\/\/www.joanpascual.com\/?page_id=1769"},"modified":"2021-11-22T16:42:18","modified_gmt":"2021-11-22T16:42:18","slug":"premios-en-concursos-de-edificios-publicos","status":"publish","type":"page","link":"https:\/\/www.joanpascual.com\/es\/premios-en-concursos-de-edificios-publicos\/","title":{"rendered":"Premios en concursos de edificios p\u00fablicos"},"content":{"rendered":"<p>2021 PRIMER PREMIO &#8211; BFIS Benjamin Franklin<br \/>\nInstituto Benjamin Franklin International School en Barcelona.<\/p>\n<p>2016 PRIMER PREMIO &#8211; FUTBOL CLUB BARCELONA<br \/>\nNou Camp Nou. Conjuntamente con Nikken Sekkei.<\/p>\n<p>2016 PRIMER PREMIO &#8211; CLUB DE TENNIS DE LA SALUT<br \/>\nAmpliaci\u00f3n de la sede social. Con Crist\u00f3bal Fern\u00e1ndez.<\/p>\n<p>2015 PRIMER PREMIO &#8211; INFRAESTRUCTURES.CAT<br \/>\nInstitut Can Roca en Terrassa.<\/p>\n<p>2014 PRIMER PREMIO \u2013 BIMSA<br \/>\nRehabilitaci\u00f3n Casa de Lact\u00e0ncia \u2013 Ampliaci\u00f3n residencia Francesc Layret en Barcelona.<\/p>\n<p>2010 PRIMER PREMIO &#8211; GISA<br \/>\nInstituto Leonardo da Vinci en Sant Cugat del Vall\u00e8s.<\/p>\n<p>2010 PRIMER PREMIO &#8211; GISA<br \/>\nEscuela Pericot en Girona.<\/p>\n<p>2010 PRIMER PREMIO &#8211; GISA<br \/>\nCEIP Jaume I, remodelaci\u00f3n de la antigua f\u00e1brica AEG en Terrassa.<\/p>\n<p>2008 PRIMER PREMIO &#8211; GISA<br \/>\nResidencia y Centro de D\u00eda para la tercera edad con servicios de investigaci\u00f3n y docencia para la atenci\u00f3n del Alzheimer en el Parc Sanitari Pere Virgili, Barcelona.<\/p>\n<p>2008 PRIMER PREMIO &#8211; UNIVERSITAT DE BARCELONA<br \/>\nNueva Residencia Universitaria en el Campus de Pedralbes, Barcelona.<\/p>\n<p>2000 PRIMER PREMIO &#8211; AJUNTAMENT DE SANT CUGAT DEL VALL\u00c8S<br \/>\nOrdenaci\u00f3n volum\u00e9trica de los edificios del Nuevo Centro C\u00edvico-Administrativo, Sant Cugat del Vall\u00e8s.<\/p>\n<p>1997 PRIMER PREMIO &#8211; UNIVERSITAT DE BARCELONA<br \/>\nAmpliaci\u00f3n de las Facultades de F\u00edsica y Qu\u00edmica, Campus de Pedralbes, Barcelona.<\/p>\n<p>1986 PRIMER PREMI EX- AEQUO &#8211; GOVERN DE CAN\u00c0RIES<br \/>\nNueva sede del Gobierno de Canarias, Tenerife.<\/p>\n<p>1984 PRIMER PREMIO \u2013 SCHWEIZERSCHULE BARCELONA<br \/>\nGimnasio para la Escuela Suiza de Barcelona. Con Eduard Calafell y V\u00edctor Brosa.<\/p>\n<p>1982 PRIMER PREMIO EX- AEQUO<br \/>\nNueva sede del Ayuntamiento de Camas, Sevilla. Con Eduard Calafell y V\u00edctor Brosa.<\/p>\n<p>1981 TERCER PREMIO EX- AEQUO &#8211; CORPORACI\u00d3 METROPOLITANA DE BARCELONA<br \/>\nNuevo Cementerio de Roques Blanques. Con Eduard Calafell i V\u00edctor Brosa.<\/p>\n<p>1978 TERCER PREMIO \u2013 COLEGIO DE ARQUITECTOS DE MURCIA<br \/>\nRemodelaci\u00f3n de un edificio historicista como nueva sede del Colegio de Arquitectos de Murcia en Murcia. Con V\u00edctor Brosa y Ramon Sanabria.<\/p>\n<p>1986 ACCESIT &#8211; MOPU<br \/>\nPeque\u00f1os establecimientos en el litoral mediterr\u00e1neo.<\/p>\n<p>1985 MENCI\u00d3N &#8211; INSTITUT CATAL\u00c0 DE SALUT<br \/>\nCentro de Asistencia Primaria, La Llagosta, Barcelona.<\/p>\n","protected":false},"excerpt":{"rendered":"<p>2021 PRIMER PREMIO &#8211; BFIS Benjamin Franklin Instituto Benjamin Franklin International School en Barcelona. 2016 PRIMER PREMIO &#8211; FUTBOL CLUB BARCELONA Nou Camp Nou. Conjuntamente con Nikken Sekkei. 2016 PRIMER PREMIO &#8211; CLUB DE TENNIS DE LA SALUT Ampliaci\u00f3n de &hellip; <a href=\"https:\/\/www.joanpascual.com\/es\/premios-en-concursos-de-edificios-publicos\/\">Continuado<\/a><\/p>\n","protected":false},"author":2,"featured_media":3323,"parent":0,"menu_order":0,"comment_status":"closed","ping_status":"closed","template":"","meta":{"_acf_changed":false,"footnotes":""},"class_list":["post-1769","page","type-page","status-publish","has-post-thumbnail","hentry"],"acf":[],"_links":{"self":[{"href":"https:\/\/www.joanpascual.com\/es\/wp-json\/wp\/v2\/pages\/1769","targetHints":{"allow":["GET"]}}],"collection":[{"href":"https:\/\/www.joanpascual.com\/es\/wp-json\/wp\/v2\/pages"}],"about":[{"href":"https:\/\/www.joanpascual.com\/es\/wp-json\/wp\/v2\/types\/page"}],"author":[{"embeddable":true,"href":"https:\/\/www.joanpascual.com\/es\/wp-json\/wp\/v2\/users\/2"}],"replies":[{"embeddable":true,"href":"https:\/\/www.joanpascual.com\/es\/wp-json\/wp\/v2\/comments?post=1769"}],"version-history":[{"count":8,"href":"https:\/\/www.joanpascual.com\/es\/wp-json\/wp\/v2\/pages\/1769\/revisions"}],"predecessor-version":[{"id":3337,"href":"https:\/\/www.joanpascual.com\/es\/wp-json\/wp\/v2\/pages\/1769\/revisions\/3337"}],"wp:featuredmedia":[{"embeddable":true,"href":"https:\/\/www.joanpascual.com\/es\/wp-json\/wp\/v2\/media\/3323"}],"wp:attachment":[{"href":"https:\/\/www.joanpascual.com\/es\/wp-json\/wp\/v2\/media?parent=1769"}],"curies":[{"name":"wp","href":"https:\/\/api.w.org\/{rel}","templated":true}]}}