{"id":1767,"date":"2014-10-10T11:01:37","date_gmt":"2014-10-10T11:01:37","guid":{"rendered":"http:\/\/www.joanpascual.com\/?page_id=1767"},"modified":"2024-12-09T12:21:39","modified_gmt":"2024-12-09T12:21:39","slug":"concursos-de-edificios-de-vivienda","status":"publish","type":"page","link":"https:\/\/www.joanpascual.com\/es\/concursos-de-edificios-de-vivienda\/","title":{"rendered":"Concursos de Edificios de Vivienda"},"content":{"rendered":"<p>2024 PRIMER PREMIO &#8211; IMPSOL<br \/>\nEdificio de 100 viviendas en Cornell\u00e0 de Llobregat.<\/p>\n<p>2023 PRIMER PREMIO &#8211; QUORANIA<br \/>\nEdificio de 44 viviendas en Montcada i Reixac.<\/p>\n<p>2022 PRIMER PREMIO &#8211; NEINOR<br \/>\nConjunto de 109 viviendas en Barcelona.<\/p>\n<p>2021 PRIMER PREMIO &#8211; ALTAMIRA<br \/>\nConjunto de 119 viviendas en Viladecans.<\/p>\n<p>2019 PRIMER PREMIO &#8211; IMPSOL<br \/>\nConjunto de 58 viviendas en Montgat.<\/p>\n<p>2015 PRIMER PREMIO &#8211; SUMASA \u00abLa Caixa\u00bb<br \/>\nConjunto de 98 viviendas en Matar\u00f3.<\/p>\n<p>2014 PRIMER PREMIO \u2013 CONSORCI PER A LA REFORMA DE LA GRAN VIA DE L&#8217;HOSPITALET DE LLOBREGAT<br \/>\nEdificio de 90 viviendas. Con SOB Arquitectes.<\/p>\n<p>2012 PRIMER PREMIO \u2013 BANESTO<br \/>\nConjunto de 80 viviendas en Cubelles. Con Marc Mogas.<\/p>\n<p>2009 PRIMER PREMIO \u2013 PATRONAT MUNICIPAL DE L\u2019HABITATGE<br \/>\nEdificio de 61 viviendas, edificio F1 de la remodelaci\u00f3n del barrio del Bon Pastor de Barcelona.<\/p>\n<p>2009 PRIMER PREMIO &#8211; IMPSOL<br \/>\nConjunto de 170 viviendas en el Sector de Les Guardioles, Molins de Rei.<\/p>\n<p>2006 PRIMER PREMIO &#8211; IMPSOL<br \/>\nConjunto de 128 viviendas en el Parc dels Pinetons, Ripollet.<\/p>\n<p>2003 PRIMER PREMIO &#8211; IMPSOL<br \/>\nConjunto de 162 viviendas y aparcamiento, Sant Andreu de la Barca.<\/p>\n<p>2001 PRIMER PREMI &#8211; IMPSOL<br \/>\nConjunt de 57 habitatges, Cervell\u00f3. Amb Esteve Puigdengolas.<\/p>\n<p>1999 PRIMER PREMIO &#8211; PROMUNSA<br \/>\nConjunto de 79 viviendas, locales comerciales y aparcamientos en Sant Just Desvern.<\/p>\n<p>1996\u00a0 PRIMER PREMIO &#8211; IMPSOL<br \/>\nConjunto de 60 viviendas, locales comerciales y aparcamientos en el Sector Pont de la Cadena, Molins de Rei. Con Ton Salvad\u00f3.<\/p>\n<p>1995 PARTICIPACI\u00d3N POR INVITACI\u00d3N &#8211; AJUNTAMENT DE BARCELONA<br \/>\nRedacci\u00f3n del proyecto de cinco manzanas del Eixample en el Frente Mar\u00edtimo del Poblenou.<\/p>\n<p>1993 PRIMER PREMIO &#8211; INCASOL<br \/>\nConjunto de 342 viviendas y aparcamientos en Montigal\u00e0, Badalona. Con\u00a0Ramon Ausi\u00f3.<\/p>\n<p>1991 PRIMER PREMIO &#8211; PATRONAT MUNICIPAL DE L\u2019HABITATGE<br \/>\nConjunto de 200 viviendas, aparcamientos y locales comerciales en la Barceloneta, Barcelona.<\/p>\n<p>1984 PRIMER PREMIO EX-AEQUO &#8211; INCASOL<br \/>\nAgrupaci\u00f3n de viviendas en un pol\u00edgono de Igualada, Barcelona. En colaboraci\u00f3n con estudiantes de la ETSAB.<\/p>\n<p>1982 PRIMER PREMIO &#8211; MOPU<br \/>\nConcurso para nuevos tipos de viviendas rurales en Tarragona.<\/p>\n","protected":false},"excerpt":{"rendered":"<p>2024 PRIMER PREMIO &#8211; IMPSOL Edificio de 100 viviendas en Cornell\u00e0 de Llobregat. 2023 PRIMER PREMIO &#8211; QUORANIA Edificio de 44 viviendas en Montcada i Reixac. 2022 PRIMER PREMIO &#8211; NEINOR Conjunto de 109 viviendas en Barcelona. 2021 PRIMER PREMIO &hellip; <a href=\"https:\/\/www.joanpascual.com\/es\/concursos-de-edificios-de-vivienda\/\">Continuado<\/a><\/p>\n","protected":false},"author":2,"featured_media":3830,"parent":0,"menu_order":0,"comment_status":"closed","ping_status":"closed","template":"","meta":{"_acf_changed":false,"footnotes":""},"class_list":["post-1767","page","type-page","status-publish","has-post-thumbnail","hentry"],"acf":[],"_links":{"self":[{"href":"https:\/\/www.joanpascual.com\/es\/wp-json\/wp\/v2\/pages\/1767","targetHints":{"allow":["GET"]}}],"collection":[{"href":"https:\/\/www.joanpascual.com\/es\/wp-json\/wp\/v2\/pages"}],"about":[{"href":"https:\/\/www.joanpascual.com\/es\/wp-json\/wp\/v2\/types\/page"}],"author":[{"embeddable":true,"href":"https:\/\/www.joanpascual.com\/es\/wp-json\/wp\/v2\/users\/2"}],"replies":[{"embeddable":true,"href":"https:\/\/www.joanpascual.com\/es\/wp-json\/wp\/v2\/comments?post=1767"}],"version-history":[{"count":11,"href":"https:\/\/www.joanpascual.com\/es\/wp-json\/wp\/v2\/pages\/1767\/revisions"}],"predecessor-version":[{"id":4375,"href":"https:\/\/www.joanpascual.com\/es\/wp-json\/wp\/v2\/pages\/1767\/revisions\/4375"}],"wp:featuredmedia":[{"embeddable":true,"href":"https:\/\/www.joanpascual.com\/es\/wp-json\/wp\/v2\/media\/3830"}],"wp:attachment":[{"href":"https:\/\/www.joanpascual.com\/es\/wp-json\/wp\/v2\/media?parent=1767"}],"curies":[{"name":"wp","href":"https:\/\/api.w.org\/{rel}","templated":true}]}}