{"id":1725,"date":"2014-10-08T08:01:08","date_gmt":"2014-10-08T08:01:08","guid":{"rendered":"http:\/\/www.joanpascual.com\/?page_id=1725"},"modified":"2018-07-13T09:02:53","modified_gmt":"2018-07-13T09:02:53","slug":"premios-obra-construida","status":"publish","type":"page","link":"https:\/\/www.joanpascual.com\/es\/premios-obra-construida\/","title":{"rendered":"Premios obra construida"},"content":{"rendered":"<h3>PREMIOS<\/h3>\n<p>2018 &#8211; PREMIO CATALUNYA CONSTRUCCI\u00d3<br \/>\nEn el apartado de rehabilitaci\u00f3n patrimonial por la rehabilitaci\u00f3n de la Casa de la Lact\u00e0ncia &#8211; Resid\u00e8ncia Francesc Layret.<\/p>\n<p>2014 &#8211; PREMIO BONAPLATA<br \/>\nPor la Rehabiltaci\u00f3n de la f\u00e1brica AEG, Escuela Nova Electra de Terrassa.<\/p>\n<p>2004 &#8211; PRIMER PREMIO II BIENAL AJUNTAMENT DEL PRAT DE LLOBREGAT<br \/>\nPor un edificio de oficinas en el Pol\u00edgono Mas Blau, El Prat de Llobregat.<\/p>\n<p>2000 &#8211; PREMIO \u201cBIENAL CIUTAT DE BADALONA 1999-2000\u201d<br \/>\nPor un edificio de 36 viviendas en Montigal\u00e0, Badalona.<\/p>\n<p>1991 &#8211; PREMIO \u201cCIUTAT DE BARCELONA DE DISSENY D\u2019INTERIORS\u201d<br \/>\nPor la rehabilitaci\u00f3n de los servicios comunes de un edificio en la calle Girona de Barcelona.<\/p>\n<p>1990 &#8211; PREMIO FAD<br \/>\nEn el apartado de edificios de nueva planta de uso privado, por una nave industrial en Riudellots, Girona. Con Joan Forgas, Teresa Gimeno y Ton Salvad\u00f3.<\/p>\n<p>&nbsp;<\/p>\n<h3>MENCIONES<\/h3>\n<p>2009 &#8211; PRIMERA MENCI\u00d3N PREMIOS DE VIVIENDAS SOCIAL DE CATALUNYA<br \/>\nPor un edificio de 175 viviendas para j\u00f3venes en Barcelona.<\/p>\n<p>2007 &#8211; MENCI\u00d3N HONOR\u00cdFICA PREMIOS ASSOCIACI\u00d3\u00a0 PROMOTORS SANT CUGAT<br \/>\nPor un edificio de oficinas, Augusta Business Park, Sant Cugat.<\/p>\n<p>2003 &#8211; MENCI\u00d3N ESPECIAL PREMIOS CIUTAT DE BARCELONA<br \/>\nPor un edificio de 160 viviendas de Promoci\u00f3n P\u00fablica en el Passeig Valldaura, Barcelona.<\/p>\n<p>1992 &#8211; DIPLOMA REHABITEC<br \/>\nPor la rehabilitaci\u00f3n de un edificio en la calle Bergara, Barcelona.<\/p>\n<p>&nbsp;<\/p>\n<h3>FINALISTA<\/h3>\n<p>2007 &#8211; FINALISTA PREMIO J.A.CODERCH\u00a1<br \/>\nREAL ACAD\u00c8MIA CATALANA DE BELLES ARTS DE SANT JORDI<br \/>\nPor un conjunto de 162 viviendas en Sant Andreu de la Barca.<\/p>\n<p>2007 &#8211; FINALISTA PREMIO FAD<br \/>\nPor el conjunto de 162 viviendas en Sant Andreu de la Barca.<\/p>\n<p>2005 &#8211; FINALISTA PREMIO FAD<br \/>\nPor un conjunto de 57 viviendas en Cervell\u00f3. Con Esteve Puigdengolas.<\/p>\n<p>2003 &#8211; FINALISTA PREMIO FAD<br \/>\nPor un edificio de 160 viviendas de Promoci\u00f3n P\u00fablica en el Passeig Valldaura de Barcelona<\/p>\n<p>1997 &#8211; FINALISTA\u00a0 \u201cIV BIENAL DE ARQUITECTURA ESPA\u00d1OLA\u201d<br \/>\nPor un conjunto de 342 viviendas en Montigal\u00e0, Badalona.<br \/>\nCon Ramon Ausi\u00f3.<\/p>\n<p>1995 &#8211; FINALISTA PREMIO FAD<br \/>\nPor un conjunto de 342 viviendas en Montigal\u00e0, Badalona.<br \/>\nCon Ramon Ausi\u00f3.<\/p>\n<p>1994 &#8211; FINALISTA PREMIO FAD<br \/>\nPor un conjunto de 45 viviendas de Promoci\u00f3n P\u00fablica en Sant Cugat<\/p>\n","protected":false},"excerpt":{"rendered":"<p>PREMIOS 2018 &#8211; PREMIO CATALUNYA CONSTRUCCI\u00d3 En el apartado de rehabilitaci\u00f3n patrimonial por la rehabilitaci\u00f3n de la Casa de la Lact\u00e0ncia &#8211; Resid\u00e8ncia Francesc Layret. 2014 &#8211; PREMIO BONAPLATA Por la Rehabiltaci\u00f3n de la f\u00e1brica AEG, Escuela Nova Electra de &hellip; <a href=\"https:\/\/www.joanpascual.com\/es\/premios-obra-construida\/\">Continuado<\/a><\/p>\n","protected":false},"author":2,"featured_media":2860,"parent":0,"menu_order":0,"comment_status":"closed","ping_status":"closed","template":"","meta":{"_acf_changed":false,"footnotes":""},"class_list":["post-1725","page","type-page","status-publish","has-post-thumbnail","hentry"],"acf":[],"_links":{"self":[{"href":"https:\/\/www.joanpascual.com\/es\/wp-json\/wp\/v2\/pages\/1725","targetHints":{"allow":["GET"]}}],"collection":[{"href":"https:\/\/www.joanpascual.com\/es\/wp-json\/wp\/v2\/pages"}],"about":[{"href":"https:\/\/www.joanpascual.com\/es\/wp-json\/wp\/v2\/types\/page"}],"author":[{"embeddable":true,"href":"https:\/\/www.joanpascual.com\/es\/wp-json\/wp\/v2\/users\/2"}],"replies":[{"embeddable":true,"href":"https:\/\/www.joanpascual.com\/es\/wp-json\/wp\/v2\/comments?post=1725"}],"version-history":[{"count":3,"href":"https:\/\/www.joanpascual.com\/es\/wp-json\/wp\/v2\/pages\/1725\/revisions"}],"predecessor-version":[{"id":2680,"href":"https:\/\/www.joanpascual.com\/es\/wp-json\/wp\/v2\/pages\/1725\/revisions\/2680"}],"wp:featuredmedia":[{"embeddable":true,"href":"https:\/\/www.joanpascual.com\/es\/wp-json\/wp\/v2\/media\/2860"}],"wp:attachment":[{"href":"https:\/\/www.joanpascual.com\/es\/wp-json\/wp\/v2\/media?parent=1725"}],"curies":[{"name":"wp","href":"https:\/\/api.w.org\/{rel}","templated":true}]}}