{"id":1750,"date":"2014-10-10T10:48:55","date_gmt":"2014-10-10T10:48:55","guid":{"rendered":"http:\/\/www.joanpascual.com\/?page_id=1750"},"modified":"2021-11-17T17:06:59","modified_gmt":"2021-11-17T17:06:59","slug":"publications","status":"publish","type":"page","link":"https:\/\/www.joanpascual.com\/en\/publications\/","title":{"rendered":"Publications"},"content":{"rendered":"<h3>BOOKS<\/h3>\n<p>PASCUAL ARGENT\u00c9, Joan<span style=\"text-decoration: underline;\"><br \/>\n<\/span><span style=\"text-decoration: underline;\">Joan Pascual Argent\u00e9: Obras y proyectos 1974-2019: profesi\u00f3n y docencia<\/span><br \/>\nBarcelona: Iniciativa Digital Polit\u00e8cnica. Oficina de Publicacions Acad\u00e8miques Digitals de la UPC, 2020.<\/p>\n<p>VVAA, <span style=\"text-decoration: underline;\">Des dels edificis \/ From buildings<br \/>\n<\/span>Barcelona: Publicacions UPC, 2014.<br \/>\n(My own floor plans)<\/p>\n<p><span style=\"text-decoration: underline;\">Contemporary Corporate Architecture. Reference Books<\/span><br \/>\nK\u00f6ln: Daab, 2009.<\/p>\n<p>ROCA, Estanislau \/ LEZCANO, Andr\u00e9s \/ FAYOS, Ricard<br \/>\n<span style=\"text-decoration: underline;\">Campus de la Diagonal. Un projecte urb\u00e0: praxi docent i professional.<\/span><br \/>\nBarcelona: Publicacions i Edicions UB, 2009.<\/p>\n<p><span style=\"text-decoration: underline;\">Spain architects: works<\/span><br \/>\nMasnou, Barcelona: Padura, 2007.<\/p>\n<p>US\u00d3N GUARDIOLA, Ezequiel<br \/>\n<span style=\"text-decoration: underline;\">New environmental sensitivity in Spanish architecture : 2000-2006 <\/span><br \/>\nBarcelona: Clipm\u00e8dia, 2007.<\/p>\n<p><span style=\"text-decoration: underline;\">Concurs d&#8217;habitatges a la Llotja de Lleida<\/span><br \/>\nLleida: Col\u00b7legi d&#8217;Arquitectes de Catalunya \/ Centre de Negocis i Convencions S.A. \/ Ajuntament de Lleida, 2007.<\/p>\n<p><span style=\"text-decoration: underline;\">Arquitectura de oficinas<\/span><br \/>\nMadrid: Munilla-Ler\u00eda, 2005.<\/p>\n<p>KUNZ, Martin Nicholas \/ F\u00d6RSTER, J\u00fcrgen \/ MARREIROS, Sabina<br \/>\n<span style=\"text-decoration: underline;\">Barcelona: architecture &amp; design<\/span><br \/>\nDusseldorf: teNeues, 2004.<\/p>\n<p>IGLESIAS, Amadeu \/ VENDRELL, Xavier<br \/>\n<span style=\"text-decoration: underline;\">Habitatge protegit metropolit\u00e0: 1995-2003<\/span><br \/>\nBarcelona: Mancomunitat de municipis, 2003<\/p>\n<p>G\u00d3NZALEZ, Antonio \/ LACUESTA, Raquel<br \/>\n<span style=\"text-decoration: underline;\">Barcelona architecture guide, 1929-2002<\/span><br \/>\nBarcelona: Gustavo Gili, 2002.<\/p>\n<p>PASCUAL ARGENT\u00c9, Joan, \u201cNecessitats, noves tecnologies i estrat\u00e8gies projectuals\u201d a <span style=\"text-decoration: underline;\">Habitatge, innovaci\u00f3 i projecte<\/span>.<br \/>\nBarcelona: Universitat Polit\u00e8cnica de Catalunya, 2000.<\/p>\n<p><span style=\"text-decoration: underline;\">Habitatge assequible, la proposta de l\u2019IMPSOL<\/span><br \/>\nBarcelona: IMPSOL, 1999.<\/p>\n<p><span style=\"text-decoration: underline;\">Cuarta Bienal de Arquitectura Espa\u00f1ola, 1995\/1996<\/span><br \/>\nMadrid: Ministerio de Fomento, 1997.<br \/>\n(Conjunt de 342 habitatges, Badalona)<\/p>\n<p>ROIG, Miquel (Coord.)<br \/>\n<span style=\"text-decoration: underline;\">Barcelona: la segona renovaci\u00f3 <\/span><br \/>\nBarcelona: Ajuntament de Barcelona, Publicacions, 1996.<\/p>\n<p>RAVETLLAT, Pere Joan<br \/>\n<span style=\"text-decoration: underline;\">Block housing: a contemporany perspective<\/span><br \/>\nBarcelona: Gustavo Gili, 1992.<br \/>\n(Conjunt de 200 habitatges a La Barceloneta, Barcelona)<\/p>\n<p><span style=\"text-decoration: underline;\">Habitatge i context urb\u00e0 a l&#8217;arquitectura catalana<\/span><br \/>\nBarcelona: Publicacions del Col\u00b7legi d&#8217;Arquitectes de Catalunya, 1992.<\/p>\n<h3>MAGAZINES<\/h3>\n<p>&#8220;Edificio de 61 viviendas sociales en la remodelaci\u00f3n del barrio de Bon Pastor&#8221;<br \/>\nJoan Pascual, Ramon Ausi\u00f3<br \/>\nOn Dise\u00f1o, n\u00fam. 379, 2018, p\u00e0g. 58-63<\/p>\n<p>\u201cHotel Diagonal Zero. Barcelona\u201d<br \/>\nJoan Pascual, Ramon Ausi\u00f3, Crist\u00f3bal Fern\u00e1ndez<br \/>\nOn Dise\u00f1o, n\u00fam.308, 2010, p\u00e0g. 122-130<\/p>\n<p>\u201cEdificio de 19 viviendas, Travessera de Gr\u00e0cia \/ Joaquim Ruyra, Barcelona\u201d<br \/>\nJoan Pascual Argent\u00e9<br \/>\nA+ 07: Vivienda colectiva de promoci\u00f3n privada, 2008.<\/p>\n<p>\u201cViviendas en Sant Andreu de la Barca (Barcelona)\u201d<br \/>\nJoan Pascual Argent\u00e9<br \/>\nOn Dise\u00f1o, n\u00fam. 286, 2007, p\u00e0g. 232-243.<\/p>\n<p>\u201cEdificio de oficinas en Sant Cugat del Vall\u00e8s (Barcelona)\u201d<br \/>\nJoan Pascual Argent\u00e9, Ramon Ausi\u00f3 Mateu<br \/>\nOn Dise\u00f1o, n\u00fam. 284, 2007, p\u00e0g. 102-113.<\/p>\n<p>\u201cAmpliaci\u00f3n de las facultades de F\u00edsica y Qu\u00edmica (Barcelona)\u201d<br \/>\nJoan Pascual Argent\u00e9<br \/>\nOn Dise\u00f1o, n\u00fam. 284, 2007, p\u00e0g. 198-217.<\/p>\n<p>\u201cViviendas de promoci\u00f3n p\u00fablica en Camp Roig, Sant Just Desvern (Barcelona)\u201d<br \/>\nJoan Pascual Argent\u00e9<br \/>\nOn Dise\u00f1o, n\u00fam. 282, 2007, p\u00e0g. 252-261.<\/p>\n<p>\u201cViviendas de promoci\u00f3n p\u00fablica en Cervell\u00f3 (Barcelona)\u201d<br \/>\nJoan Pascual Argent\u00e9, Esteve Puigdengolas Legler<br \/>\nOn Dise\u00f1o, n\u00fam. 264, 2005 p\u00e0g. 104-111.<\/p>\n<p>\u201cViviendas y locales comerciales (Barcelona)\u201d<br \/>\n(Edifici de 160 habitatges Passeig Valldaura, Barcelona)<br \/>\nJoan Pascual Argent\u00e9<br \/>\nAV: Monograf\u00edas, n\u00fam.99-100, 2003, p\u00e0g. 142-145.<\/p>\n<p>\u201cViviendas de promoci\u00f3n p\u00fablica en Barcelona\u201d<br \/>\n(Edifici de 160 habitatges Passeig Valldaura, Barcelona)<br \/>\nJoan Pascual Argent\u00e9<br \/>\nOn Dise\u00f1o, n\u00fam. 243, 2003, p\u00e0g. 264-275.<\/p>\n<p>\u201cEdificaciones residenciales y urbanizaci\u00f3n en Badalona\u201d<br \/>\nJoan Pascual Argent\u00e9, Ramon Ausi\u00f3 Mateu<br \/>\nOn Dise\u00f1o, n\u00fam. 173, 1996, p\u00e0g. 162-171.<\/p>\n<p>\u201cHabitatge: noves alternatives = Housing: new alternatives.\u201d<br \/>\nQuaderns d&#8217;arquitectura i Urbanisme, n\u00fam. 210, 1995, p\u00e0g. 48-105.<\/p>\n<p>\u201cConjunt de 199 habitatges de Promoci\u00f3 P\u00fablica a Barcelona\u201d a<br \/>\n\u201c1995: tr\u00edptic d&#8217;arquitectura catalana\u201d<br \/>\nManel Gausa<br \/>\nQuaderns d&#8217;arquitectura i Urbanisme, n\u00fam. 207-208-209, 1995.<\/p>\n<p>\u201cConjunto residencial en Sant Cugat del Vall\u00e8s\u201d<br \/>\nJoan Pascual Argent\u00e9<br \/>\nOn Dise\u00f1o, n\u00fam. 163, 1995, p\u00e0g. 150-157.<br \/>\n(Conjunt de 45 Habitatges a El Colomer, Sant Cugat del Vall\u00e8s)<\/p>\n<p>\u201cNave industrial en Riudellots de la Selva\u201d<br \/>\nJoan Pascual, Joan Forgas, Teresa Gimeno i Ton Salvad\u00f3<br \/>\nOn Dise\u00f1o, n\u00fam. 123, 1991, p\u00e0g. 216-221<\/p>\n<p>\u201cVillas groupees [A group of villas]\u201d<br \/>\n(Agrupaci\u00f3 de 30 habitatges a Tei\u00e0)<br \/>\nA.M.C. (Editions du Moniteur), n\u00fam.11, 1990, p\u00e0g.14-16.<\/p>\n<p>\u201cEdifici de 50 habitatges a la Pla\u00e7a Sagrada Fam\u00edlia\u201d<br \/>\nRevista Arquitectura, n\u00fam. 278-279, 1990.<\/p>\n","protected":false},"excerpt":{"rendered":"<p>BOOKS PASCUAL ARGENT\u00c9, Joan Joan Pascual Argent\u00e9: Obras y proyectos 1974-2019: profesi\u00f3n y docencia Barcelona: Iniciativa Digital Polit\u00e8cnica. Oficina de Publicacions Acad\u00e8miques Digitals de la UPC, 2020. VVAA, Des dels edificis \/ From buildings Barcelona: Publicacions UPC, 2014. (My own &hellip; <a href=\"https:\/\/www.joanpascual.com\/en\/publications\/\">Continued<\/a><\/p>\n","protected":false},"author":2,"featured_media":1424,"parent":0,"menu_order":0,"comment_status":"closed","ping_status":"closed","template":"","meta":{"_acf_changed":false,"footnotes":""},"class_list":["post-1750","page","type-page","status-publish","has-post-thumbnail","hentry"],"acf":[],"_links":{"self":[{"href":"https:\/\/www.joanpascual.com\/en\/wp-json\/wp\/v2\/pages\/1750","targetHints":{"allow":["GET"]}}],"collection":[{"href":"https:\/\/www.joanpascual.com\/en\/wp-json\/wp\/v2\/pages"}],"about":[{"href":"https:\/\/www.joanpascual.com\/en\/wp-json\/wp\/v2\/types\/page"}],"author":[{"embeddable":true,"href":"https:\/\/www.joanpascual.com\/en\/wp-json\/wp\/v2\/users\/2"}],"replies":[{"embeddable":true,"href":"https:\/\/www.joanpascual.com\/en\/wp-json\/wp\/v2\/comments?post=1750"}],"version-history":[{"count":2,"href":"https:\/\/www.joanpascual.com\/en\/wp-json\/wp\/v2\/pages\/1750\/revisions"}],"predecessor-version":[{"id":3298,"href":"https:\/\/www.joanpascual.com\/en\/wp-json\/wp\/v2\/pages\/1750\/revisions\/3298"}],"wp:featuredmedia":[{"embeddable":true,"href":"https:\/\/www.joanpascual.com\/en\/wp-json\/wp\/v2\/media\/1424"}],"wp:attachment":[{"href":"https:\/\/www.joanpascual.com\/en\/wp-json\/wp\/v2\/media?parent=1750"}],"curies":[{"name":"wp","href":"https:\/\/api.w.org\/{rel}","templated":true}]}}