{"id":1733,"date":"2014-10-09T11:48:10","date_gmt":"2014-10-09T11:48:10","guid":{"rendered":"http:\/\/www.joanpascual.com\/?page_id=1733"},"modified":"2025-10-29T14:27:15","modified_gmt":"2025-10-29T14:27:15","slug":"team","status":"publish","type":"page","link":"https:\/\/www.joanpascual.com\/en\/team\/","title":{"rendered":"Team"},"content":{"rendered":"<p><strong>Company names<\/strong><br \/>\nJoan Pascual &#8211; Ramon Ausi\u00f3 Arquitectes, SLP<br \/>\nJoan Pascual &#8211; Ramon Ausi\u00f3 &#8211; Crist\u00f3bal Fern\u00e1ndez, SCP<br \/>\nJoan Pascual &#8211; Ramon Ausi\u00f3 &#8211; Esteve Puigdengolas,SCP<\/p>\n<p><strong>Architects<\/strong><br \/>\nJoan Pascual Argent\u00e9, COAC 5648-0<br \/>\nRamon Ausi\u00f3 Mateu, COAC 19247-3<br \/>\nCrist\u00f3bal Fern\u00e1ndez Zapata, COAC 37287-0<br \/>\nJavier Sanz Garc\u00eda, COAC 44482-0<br \/>\nManuel Salas Guzm\u00e1n<br \/>\nM\u00f3nica Bra\u00f1a Ardila<br \/>\n\u00c0lvar Fuente G\u00e1mez, COAC 81157-2<\/p>\n<p><strong>Professional partners<\/strong><\/p>\n<p><strong>M&amp;E engineers:<\/strong><br \/>\nAIA<br \/>\nFitarq<br \/>\nJ.S.S<br \/>\nPGI<br \/>\n2pir Ingenieros<\/p>\n<p><strong>Structural engineers<\/strong>:<br \/>\nSTATIC<br \/>\nBAC<br \/>\nBBG<br \/>\nGammarquitectura<\/p>\n<p><strong>Technitians:<\/strong><br \/>\nAmunt 41 T\u00e8cnics<br \/>\nFerran Pelegrina i Associats<br \/>\nGestpro T\u00e8cnics<br \/>\nT\u00e8cnics G-3<br \/>\nTRAM<br \/>\nFrancesc Garc\u00eda Hern\u00e1ndez<\/p>\n<p><strong>Thanks to<br \/>\n<\/strong>Juan \u00c1lvarez, 2015-2018<strong><br \/>\n<\/strong>Carol Araneda, 2010-2014, 2017-2020<strong><br \/>\n<\/strong>Carles Arqu\u00e9, 1991-1994<br \/>\nCristina Baldrich, 2003-2004<br \/>\nLlu\u00eds Badenas, 1987-1995<br \/>\nRafel Bayarre, 2005-2021<br \/>\nCesca Brosa, 2003-2006<br \/>\nConcepci\u00f3 Canal, 2001-2003<br \/>\nJoan Casanova, 2005-2006<br \/>\nPilar Enjuanes, 2007-2025<br \/>\nMontserrat Ferrando, 2008-2011<br \/>\nJoan Font, 2006<br \/>\nArturo Frediani, 1990-1991<br \/>\nTeresa Gimeno, 1987-1990<br \/>\nMartin Hilpert, 2005-2008<br \/>\nJoan Mart\u00edn, 2017-2019<br \/>\nDiego M\u00e9ndez, 2021-2022<br \/>\nJulio Mesa, 2018-2021<br \/>\nLlu\u00eds Michelena, 2009-2012<br \/>\nCarlos Mir, 2015-2018<br \/>\nMarc Mogas, 2003-2005<br \/>\nCarles Montalban, 2004-2005<br \/>\nSalvador Mora, 1990-2001, 2015-2017<br \/>\nJes\u00fas de Moral, 1997-1999<br \/>\nCristina Muros, 2014-2018<br \/>\nSara Nos\u00e0s, 2000-2003<br \/>\nMariangelly Palermo, 2025<br \/>\nRoger Parareda, 2017-2019<br \/>\nDavid Paterson, 2005-2011<br \/>\nMontsant Permiquel, 2005-2008<br \/>\nGisela Planas, 2001-2002<br \/>\nOriol Puig, 2018-2019<br \/>\nChristian Quintin, 1998-2002<br \/>\nArnau Ricart, 2009-2015<br \/>\nEduard Rius, 2016-2017<br \/>\nN\u00faria Roig, 2005-2007<br \/>\nBlanca Rup\u00e9rez, 2014-2015<br \/>\nTon Salvador, 1998-1999<br \/>\nJordi Sans, 2001-2002<br \/>\nRodrigo Schiavoni, 2008-2009<br \/>\nRoberto Suso, 2008-2009<br \/>\nMiquel Surinyach, 2003-2006<br \/>\nAsier Taberna, 2004-2005<br \/>\nSthepan Tlespak, 2006-2007<br \/>\nEric Trillo, 1996-1998, 2015-2019<br \/>\nDiego Vega, 1999-2001<br \/>\nJ\u00falia Vi\u00f1eta, 2017-2025<\/p>\n","protected":false},"excerpt":{"rendered":"<p>Company names Joan Pascual &#8211; Ramon Ausi\u00f3 Arquitectes, SLP Joan Pascual &#8211; Ramon Ausi\u00f3 &#8211; Crist\u00f3bal Fern\u00e1ndez, SCP Joan Pascual &#8211; Ramon Ausi\u00f3 &#8211; Esteve Puigdengolas,SCP Architects Joan Pascual Argent\u00e9, COAC 5648-0 Ramon Ausi\u00f3 Mateu, COAC 19247-3 Crist\u00f3bal Fern\u00e1ndez Zapata, &hellip; <a href=\"https:\/\/www.joanpascual.com\/en\/team\/\">Continued<\/a><\/p>\n","protected":false},"author":2,"featured_media":3769,"parent":0,"menu_order":0,"comment_status":"closed","ping_status":"closed","template":"","meta":{"_acf_changed":false,"footnotes":""},"class_list":["post-1733","page","type-page","status-publish","has-post-thumbnail","hentry"],"acf":[],"_links":{"self":[{"href":"https:\/\/www.joanpascual.com\/en\/wp-json\/wp\/v2\/pages\/1733","targetHints":{"allow":["GET"]}}],"collection":[{"href":"https:\/\/www.joanpascual.com\/en\/wp-json\/wp\/v2\/pages"}],"about":[{"href":"https:\/\/www.joanpascual.com\/en\/wp-json\/wp\/v2\/types\/page"}],"author":[{"embeddable":true,"href":"https:\/\/www.joanpascual.com\/en\/wp-json\/wp\/v2\/users\/2"}],"replies":[{"embeddable":true,"href":"https:\/\/www.joanpascual.com\/en\/wp-json\/wp\/v2\/comments?post=1733"}],"version-history":[{"count":34,"href":"https:\/\/www.joanpascual.com\/en\/wp-json\/wp\/v2\/pages\/1733\/revisions"}],"predecessor-version":[{"id":4563,"href":"https:\/\/www.joanpascual.com\/en\/wp-json\/wp\/v2\/pages\/1733\/revisions\/4563"}],"wp:featuredmedia":[{"embeddable":true,"href":"https:\/\/www.joanpascual.com\/en\/wp-json\/wp\/v2\/media\/3769"}],"wp:attachment":[{"href":"https:\/\/www.joanpascual.com\/en\/wp-json\/wp\/v2\/media?parent=1733"}],"curies":[{"name":"wp","href":"https:\/\/api.w.org\/{rel}","templated":true}]}}